{"id":14,"date":"2025-10-10T17:59:00","date_gmt":"2025-10-10T23:59:00","guid":{"rendered":"https:\/\/dev.gibit.me\/home\/"},"modified":"2025-10-13T15:18:38","modified_gmt":"2025-10-13T21:18:38","slug":"home","status":"publish","type":"page","link":"https:\/\/wp.gibit.me\/gruinsa\/","title":{"rendered":"Home"},"content":{"rendered":"<section class=\"l-section wpb_row us_custom_de69c693 height_medium full_height valign_center with_video\"><div id=\"us_bg_video_o163\" class=\"l-section-video\"><script id=\"us_bg_video_o163-script\">!function(w){var node = document.getElementById( 'us_bg_video_o163' );if ( w.innerWidth <= 200 ) { node.remove() }}(window);<\/script><style>@media(max-width:200px){#us_bg_video_o163{display:none!important}}<\/style><video  autoplay loop muted playsinline preload=\"auto\" tabindex=\"-1\"><source type=\"video\/mp4\" src=\"http:\/\/dev.gibit.me\/wp-content\/uploads\/2025\/10\/Tanqueta-Final.mp4\" \/><\/video><\/div><div class=\"l-section-overlay\" style=\"background:rgba(18,23,26,0.6)\"><\/div><div class=\"l-section-h i-cf\"><div class=\"g-cols vc_row via_grid cols_1 laptops-cols_inherit tablets-cols_inherit mobiles-cols_1 valign_top type_default stacking_default\"><div class=\"wpb_column vc_column_container\"><div class=\"vc_column-inner\"><div class=\"w-vwrapper us_custom_00f9174f align_center valign_middle\" style=\"--vwrapper-gap:0rem\"><div class=\"w-image align_none\"><div class=\"w-image-h\"><img decoding=\"async\" width=\"600\" height=\"600\" src=\"https:\/\/wp.gibit.me\/gruinsa\/wp-content\/uploads\/2025\/10\/Logo_Gruinsa_blanco.svg\" class=\"attachment-us_600_600 size-us_600_600\" alt=\"\" loading=\"lazy\" \/><\/div><\/div><div class=\"w-text us_custom_e89eb550 has_text_color\"><span class=\"w-text-h\"><span class=\"w-text-value\">Somos una empresa dedicada a la construcci\u00f3n de maquinaria, equipo y estructuras seg\u00fan especificaciones del cliente en acero y otros metales.<\/span><\/span><\/div><div class=\"w-iconbox us_custom_ef51ac8f us_animate_this iconpos_top style_default color_custom align_center no_text no_title\"><a href=\"#raices-locales\" class=\"w-iconbox-link\" aria-label=\"fas|chevron-down\"><div class=\"w-iconbox-icon\" style=\"font-size:2rem;--icon-color:#fff;\"><i class=\"fas fa-chevron-down\"><\/i><\/div><\/a><div class=\"w-iconbox-meta\"><\/div><\/div><\/div><\/div><\/div><\/div><\/div><\/section><section class=\"l-section wpb_row height_large full_height valign_center with_img\" id=\"raices-locales\"><div class=\"l-section-img\" role=\"img\" aria-label=\"Image\" data-img-width=\"2560\" data-img-height=\"1920\" style=\"background-image: url(https:\/\/wp.gibit.me\/gruinsa\/wp-content\/uploads\/2025\/10\/tanque-blanco-1-difuminado.jpg);\"><\/div><div class=\"l-section-overlay\" style=\"background:var(--color-custom-blue-85-grad, var(--color-custom-blue-85) )\"><\/div><div class=\"l-section-h i-cf\"><div class=\"g-cols vc_row via_grid cols_2-1 laptops-cols_inherit tablets-cols_inherit mobiles-cols_1 valign_middle type_default stacking_default\"><div class=\"wpb_column vc_column_container\"><div class=\"vc_column-inner\"><div class=\"wpb_text_column us_custom_1921a68d has_text_color\"><div class=\"wpb_wrapper\"><p>Ra\u00edces locales<br \/>\nReconocimiento nacional<\/p>\n<\/div><\/div><div class=\"w-separator size_small\"><\/div><div class=\"w-separator size_small\"><\/div><div class=\"g-cols wpb_row via_grid cols_3 laptops-cols_inherit tablets-cols_inherit mobiles-cols_1 valign_top type_default stacking_default\" style=\"--columns-gap:3rem;\"><div class=\"wpb_column vc_column_container\"><div class=\"vc_column-inner\"><div class=\"w-counter us_custom_6df4bc3a has_text_color color_custom align_center\" data-duration=\"2\"><div class=\"w-counter-value\" style=\"color:#ffffff;\"><span class=\"w-counter-value-part type_text\" data-final=\"+\"><\/span><span class=\"w-counter-value-part type_number\" data-final=\"30\">1<\/span><span class=\"w-counter-value-part type_text\" data-final=\"\"><\/span><\/div><h6 class=\"w-counter-title\">A\u00f1os de experiencia<\/h6><\/div><\/div><\/div><div class=\"wpb_column vc_column_container\"><div class=\"vc_column-inner\"><div class=\"w-counter us_custom_6df4bc3a has_text_color color_custom align_center\" data-duration=\"2\"><div class=\"w-counter-value\" style=\"color:#ffffff;\"><span class=\"w-counter-value-part type_text\" data-final=\"+\"><\/span><span class=\"w-counter-value-part type_number\" data-final=\"50\">1<\/span><span class=\"w-counter-value-part type_text\" data-final=\"\"><\/span><\/div><h6 class=\"w-counter-title\">Proyectos terminados<\/h6><\/div><\/div><\/div><div class=\"wpb_column vc_column_container\"><div class=\"vc_column-inner\"><div class=\"w-counter us_custom_6df4bc3a has_text_color color_custom align_center\" data-duration=\"2\"><div class=\"w-counter-value\" style=\"color:#ffffff;\"><span class=\"w-counter-value-part type_text\" data-final=\"\"><\/span><span class=\"w-counter-value-part type_number\" data-final=\"100\">1<\/span><span class=\"w-counter-value-part type_text\" data-final=\"%\"><\/span><\/div><h6 class=\"w-counter-title\">Clientes satisfechos<\/h6><\/div><\/div><\/div><\/div><\/div><\/div><div class=\"wpb_column vc_column_container\"><div class=\"vc_column-inner\"><\/div><\/div><\/div><\/div><\/section><section class=\"l-section wpb_row us_custom_23392c7e height_medium full_height valign_center width_custom\" style=\"--site-content-width:1290px;\"><div class=\"l-section-h i-cf\"><div class=\"g-cols vc_row via_grid cols_1 laptops-cols_inherit tablets-cols_inherit mobiles-cols_1 valign_top type_default stacking_default\"><div class=\"wpb_column vc_column_container\"><div class=\"vc_column-inner\"><div class=\"w-text us_custom_14686d0e has_text_color\"><span class=\"w-text-h\"><span class=\"w-text-value\">Proyectos<\/span><\/span><\/div><div class=\"w-separator size_custom\" style=\"height:50px\"><\/div><div class=\"w-grid us_custom_a518f36e us_animate_this us_post_list type_grid layout_424 cols_4 preload_style_spinner with_css_animation ratio_2x3\" id=\"us_post_list_x4eb\" style=\"--columns:4;--gap:0rem;--item-ratio:1.5;\" data-filterable=\"true\"><style>@media (max-width:1024px){#us_post_list_x4eb{--columns:2!important}}@media (max-width:600px){#us_post_list_x4eb{--columns:1!important}}.layout_424 .w-grid-item-h{}.layout_424 .usg_hwrapper_1{transition-duration:0.5s;transform-origin:0% 100%;transform:scale(1) translate(0%,0%)}.layout_424 .w-grid-item-h:focus-within .usg_hwrapper_1,.layout_424 .w-grid-item-h:hover .usg_hwrapper_1{transform:scale(1) translate(0%,0%);opacity:1;border-color:var(--color-custom-blue-85)!important}.layout_424 .usg_post_image_1{width:333px!important;height:333px!important;max-width:333px!important;max-height:333px!important}.layout_424 .usg_post_title_1{color:var(--color-custom-black)!important;text-align:center!important;font-size:24px!important;line-height:28px!important;font-weight:400!important;height:85px!important;max-height:85px!important;margin:20px 20px 35px 20px!important}.layout_424 .usg_vwrapper_1{width:100%!important;height:100%!important;max-width:100%!important;max-height:100%!important;border-color:var(--color-header-transparent-bg)!important;border-width:5px!important}.layout_424 .usg_hwrapper_1{width:100%!important;max-width:100%!important;position:absolute!important;left:0!important;top:0!important;bottom:0!important;right:0!important;z-index:50!important;border:20px solid var(--color-header-transparent-bg)!important}<\/style><div class=\"w-grid-list\">\t<article class=\"w-grid-item us_animate_fade size_1x1 post-129 proyectos type-proyectos status-publish has-post-thumbnail hentry\" data-id=\"129\" style=\"animation-delay:0s\">\r\n\t\t<div class=\"w-grid-item-h\">\r\n\t\t\t\t\t\t<div class=\"w-vwrapper usg_vwrapper_1 align_none valign_top has-link\"><div class=\"w-hwrapper usg_hwrapper_1 align_none valign_top has-link\"><a href=\"https:\/\/wp.gibit.me\/gruinsa\/proyectos\/silo\/\" class=\"w-vwrapper-link smooth-scroll\" aria-label=\"Link\"><\/a><\/div><div class=\"w-post-elm post_image usg_post_image_1 has_width has_height stretched\"><img loading=\"lazy\" decoding=\"async\" width=\"1024\" height=\"768\" src=\"https:\/\/wp.gibit.me\/gruinsa\/wp-content\/uploads\/2025\/10\/Silo-Blanco-1-1024x768.jpg\" class=\"attachment-large size-large wp-post-image\" alt=\"\" srcset=\"https:\/\/wp.gibit.me\/gruinsa\/wp-content\/uploads\/2025\/10\/Silo-Blanco-1-1024x768.jpg 1024w, https:\/\/wp.gibit.me\/gruinsa\/wp-content\/uploads\/2025\/10\/Silo-Blanco-1-300x225.jpg 300w, https:\/\/wp.gibit.me\/gruinsa\/wp-content\/uploads\/2025\/10\/Silo-Blanco-1-773x580.jpg 773w\" sizes=\"auto, (max-width: 1024px) 100vw, 1024px\" \/><\/div><h2 class=\"w-post-elm post_title usg_post_title_1 has_text_color align_center entry-title color_link_inherit\">Silos<\/h2><a href=\"https:\/\/wp.gibit.me\/gruinsa\/proyectos\/silo\/\" class=\"w-vwrapper-link smooth-scroll\" aria-label=\"Link\"><\/a><\/div>\t\t<\/div>\r\n\t\t\t<\/article>\r\n\t<article class=\"w-grid-item us_animate_fade size_1x1 post-264 proyectos type-proyectos status-publish has-post-thumbnail hentry\" data-id=\"264\" style=\"animation-delay:0.1s\">\r\n\t\t<div class=\"w-grid-item-h\">\r\n\t\t\t\t\t\t<div class=\"w-vwrapper usg_vwrapper_1 align_none valign_top has-link\"><div class=\"w-hwrapper usg_hwrapper_1 align_none valign_top has-link\"><a href=\"https:\/\/wp.gibit.me\/gruinsa\/proyectos\/tanqueta-distribucion-de-asfalto\/\" class=\"w-vwrapper-link smooth-scroll\" aria-label=\"Link\"><\/a><\/div><div class=\"w-post-elm post_image usg_post_image_1 has_width has_height stretched\"><img loading=\"lazy\" decoding=\"async\" width=\"1024\" height=\"768\" src=\"https:\/\/wp.gibit.me\/gruinsa\/wp-content\/uploads\/2025\/10\/tanq-01-1024x768.jpg\" class=\"attachment-large size-large wp-post-image\" alt=\"\" srcset=\"https:\/\/wp.gibit.me\/gruinsa\/wp-content\/uploads\/2025\/10\/tanq-01-1024x768.jpg 1024w, https:\/\/wp.gibit.me\/gruinsa\/wp-content\/uploads\/2025\/10\/tanq-01-300x225.jpg 300w, https:\/\/wp.gibit.me\/gruinsa\/wp-content\/uploads\/2025\/10\/tanq-01-773x580.jpg 773w, https:\/\/wp.gibit.me\/gruinsa\/wp-content\/uploads\/2025\/10\/tanq-01.jpg 2048w\" sizes=\"auto, (max-width: 1024px) 100vw, 1024px\" \/><\/div><h2 class=\"w-post-elm post_title usg_post_title_1 has_text_color align_center entry-title color_link_inherit\">Tanquetas Distribuci\u00f3n de Asfalto<\/h2><a href=\"https:\/\/wp.gibit.me\/gruinsa\/proyectos\/tanqueta-distribucion-de-asfalto\/\" class=\"w-vwrapper-link smooth-scroll\" aria-label=\"Link\"><\/a><\/div>\t\t<\/div>\r\n\t\t\t<\/article>\r\n\t<article class=\"w-grid-item us_animate_fade size_1x1 post-265 proyectos type-proyectos status-publish has-post-thumbnail hentry\" data-id=\"265\" style=\"animation-delay:0.2s\">\r\n\t\t<div class=\"w-grid-item-h\">\r\n\t\t\t\t\t\t<div class=\"w-vwrapper usg_vwrapper_1 align_none valign_top has-link\"><div class=\"w-hwrapper usg_hwrapper_1 align_none valign_top has-link\"><a href=\"https:\/\/wp.gibit.me\/gruinsa\/proyectos\/transicion-para-tuberias\/\" class=\"w-vwrapper-link smooth-scroll\" aria-label=\"Link\"><\/a><\/div><div class=\"w-post-elm post_image usg_post_image_1 has_width has_height stretched\"><img loading=\"lazy\" decoding=\"async\" width=\"1024\" height=\"768\" src=\"https:\/\/wp.gibit.me\/gruinsa\/wp-content\/uploads\/2025\/10\/Transicion-tuberia-1-1024x768.jpg\" class=\"attachment-large size-large wp-post-image\" alt=\"\" srcset=\"https:\/\/wp.gibit.me\/gruinsa\/wp-content\/uploads\/2025\/10\/Transicion-tuberia-1-1024x768.jpg 1024w, https:\/\/wp.gibit.me\/gruinsa\/wp-content\/uploads\/2025\/10\/Transicion-tuberia-1-300x225.jpg 300w, https:\/\/wp.gibit.me\/gruinsa\/wp-content\/uploads\/2025\/10\/Transicion-tuberia-1-773x580.jpg 773w\" sizes=\"auto, (max-width: 1024px) 100vw, 1024px\" \/><\/div><h2 class=\"w-post-elm post_title usg_post_title_1 has_text_color align_center entry-title color_link_inherit\">Transici\u00f3n para Tuberias<\/h2><a href=\"https:\/\/wp.gibit.me\/gruinsa\/proyectos\/transicion-para-tuberias\/\" class=\"w-vwrapper-link smooth-scroll\" aria-label=\"Link\"><\/a><\/div>\t\t<\/div>\r\n\t\t\t<\/article>\r\n\t<article class=\"w-grid-item us_animate_fade size_1x1 post-266 proyectos type-proyectos status-publish has-post-thumbnail hentry\" data-id=\"266\" style=\"animation-delay:0.3s\">\r\n\t\t<div class=\"w-grid-item-h\">\r\n\t\t\t\t\t\t<div class=\"w-vwrapper usg_vwrapper_1 align_none valign_top has-link\"><div class=\"w-hwrapper usg_hwrapper_1 align_none valign_top has-link\"><a href=\"https:\/\/wp.gibit.me\/gruinsa\/proyectos\/casetas\/\" class=\"w-vwrapper-link smooth-scroll\" aria-label=\"Link\"><\/a><\/div><div class=\"w-post-elm post_image usg_post_image_1 has_width has_height stretched\"><img loading=\"lazy\" decoding=\"async\" width=\"1024\" height=\"768\" src=\"https:\/\/wp.gibit.me\/gruinsa\/wp-content\/uploads\/2025\/10\/Caseta-4-1024x768.jpg\" class=\"attachment-large size-large wp-post-image\" alt=\"\" srcset=\"https:\/\/wp.gibit.me\/gruinsa\/wp-content\/uploads\/2025\/10\/Caseta-4-1024x768.jpg 1024w, https:\/\/wp.gibit.me\/gruinsa\/wp-content\/uploads\/2025\/10\/Caseta-4-300x225.jpg 300w, https:\/\/wp.gibit.me\/gruinsa\/wp-content\/uploads\/2025\/10\/Caseta-4-773x580.jpg 773w, https:\/\/wp.gibit.me\/gruinsa\/wp-content\/uploads\/2025\/10\/Caseta-4.jpg 2048w\" sizes=\"auto, (max-width: 1024px) 100vw, 1024px\" \/><\/div><h2 class=\"w-post-elm post_title usg_post_title_1 has_text_color align_center entry-title color_link_inherit\">Casetas<\/h2><a href=\"https:\/\/wp.gibit.me\/gruinsa\/proyectos\/casetas\/\" class=\"w-vwrapper-link smooth-scroll\" aria-label=\"Link\"><\/a><\/div>\t\t<\/div>\r\n\t\t\t<\/article>\r\n<\/div><div class=\"g-loadmore hidden\"><div class=\"g-preloader type_1\"><div><\/div><\/div><\/div><div class=\"w-grid-list-json hidden\" onclick='return {&quot;max_num_pages&quot;:0,&quot;pagination&quot;:&quot;none&quot;,&quot;paged&quot;:1,&quot;ajaxData&quot;:{&quot;action&quot;:&quot;us_ajax_post_list&quot;,&quot;meta_type&quot;:&quot;post&quot;,&quot;object_id&quot;:0,&quot;template_vars&quot;:{&quot;paged&quot;:1,&quot;max_num_pages&quot;:0,&quot;no_results&quot;:false,&quot;source&quot;:&quot;all&quot;,&quot;custom_field_name&quot;:&quot;&quot;,&quot;ids&quot;:&quot;&quot;,&quot;post_type&quot;:&quot;proyectos&quot;,&quot;attachment_ids&quot;:null,&quot;include_post_thumbnail&quot;:0,&quot;post_author&quot;:&quot;any&quot;,&quot;post_author_ids&quot;:&quot;&quot;,&quot;apply_url_params&quot;:0,&quot;exclude_children&quot;:0,&quot;exclude_current_post&quot;:1,&quot;exclude_prev_posts&quot;:0,&quot;enable_items_offset&quot;:0,&quot;items_offset&quot;:&quot;1&quot;,&quot;tax_query_relation&quot;:&quot;none&quot;,&quot;tax_query&quot;:[{&quot;operator&quot;:&quot;IN&quot;,&quot;taxonomy&quot;:&quot;category&quot;,&quot;terms&quot;:&quot;&quot;,&quot;include_children&quot;:0}],&quot;meta_query_relation&quot;:&quot;none&quot;,&quot;meta_query&quot;:[{&quot;key&quot;:&quot;custom_field_name&quot;,&quot;compare&quot;:&quot;=&quot;,&quot;value&quot;:&quot;&quot;}],&quot;orderby&quot;:&quot;date&quot;,&quot;orderby_custom_field&quot;:&quot;&quot;,&quot;orderby_custom_type&quot;:0,&quot;order_invert&quot;:0,&quot;show_all&quot;:0,&quot;quantity&quot;:&quot;4&quot;,&quot;posts_per_archive_page&quot;:0,&quot;no_items_action&quot;:&quot;message&quot;,&quot;no_items_message&quot;:&quot;No results found.&quot;,&quot;no_items_page_block&quot;:&quot;&quot;,&quot;pagination&quot;:&quot;none&quot;,&quot;pagination_style&quot;:&quot;&quot;,&quot;pagination_btn_text&quot;:&quot;Load More&quot;,&quot;pagination_btn_size&quot;:&quot;&quot;,&quot;pagination_btn_style&quot;:&quot;1&quot;,&quot;pagination_btn_fullwidth&quot;:0,&quot;items_layout&quot;:&quot;424&quot;,&quot;type&quot;:&quot;grid&quot;,&quot;items_valign&quot;:0,&quot;ignore_items_size&quot;:0,&quot;columns&quot;:&quot;4&quot;,&quot;items_gap&quot;:&quot;0rem&quot;,&quot;load_animation&quot;:&quot;fade&quot;,&quot;items_preload_style&quot;:&quot;spinner&quot;,&quot;img_size&quot;:&quot;default&quot;,&quot;title_size&quot;:&quot;&quot;,&quot;items_ratio&quot;:&quot;default&quot;,&quot;items_ratio_width&quot;:&quot;21&quot;,&quot;items_ratio_height&quot;:&quot;9&quot;,&quot;overriding_link&quot;:&quot;%7B%22url%22%3A%22%22%7D&quot;,&quot;popup_width&quot;:&quot;&quot;,&quot;popup_arrows&quot;:1,&quot;breakpoint_1_width&quot;:&quot;1381px&quot;,&quot;breakpoint_1_cols&quot;:&quot;default&quot;,&quot;breakpoint_1_quantity&quot;:&quot;&quot;,&quot;breakpoint_1_gap&quot;:&quot;&quot;,&quot;breakpoint_2_width&quot;:&quot;1025px&quot;,&quot;breakpoint_2_cols&quot;:&quot;2&quot;,&quot;breakpoint_2_quantity&quot;:&quot;&quot;,&quot;breakpoint_2_gap&quot;:&quot;&quot;,&quot;breakpoint_3_width&quot;:&quot;601px&quot;,&quot;breakpoint_3_cols&quot;:&quot;1&quot;,&quot;breakpoint_3_quantity&quot;:&quot;&quot;,&quot;breakpoint_3_gap&quot;:&quot;&quot;,&quot;conditions_operator&quot;:&quot;always&quot;,&quot;conditions&quot;:[],&quot;css&quot;:&quot;%7B%22default%22%3A%7B%22animation-name%22%3A%22fade%22%7D%7D&quot;,&quot;el_class&quot;:&quot;&quot;,&quot;el_id&quot;:&quot;&quot;,&quot;enable_custom_html_atts&quot;:0,&quot;custom_html_atts&quot;:null,&quot;hide_on_states&quot;:&quot;&quot;,&quot;hide_for_sticky&quot;:0,&quot;hide_for_not_sticky&quot;:0,&quot;hide_below&quot;:&quot;0px&quot;,&quot;hide_above&quot;:&quot;0px&quot;,&quot;classes&quot;:&quot; us_custom_a518f36e us_animate_this&quot;,&quot;design_css_class&quot;:&quot;us_custom_a518f36e&quot;}},&quot;facetedFilter&quot;:[]}'><\/div><\/div><div class=\"w-separator size_small\"><\/div><div class=\"w-text us_custom_2e6e7ded has_text_color icon_atright\"><a href=\"https:\/\/dev.gibit.me\/proyectos\/\" class=\"w-text-h\"><span class=\"w-text-value\">Ver m\u00e1s proyectos<\/span><i class=\"fas fa-long-arrow-alt-right\"><\/i><\/a><\/div><\/div><\/div><\/div><\/div><\/section><section class=\"l-section wpb_row height_medium full_height valign_center with_img\"><div class=\"l-section-img\" role=\"img\" aria-label=\"Image\" data-img-width=\"2560\" data-img-height=\"1920\" style=\"background-image: url(https:\/\/wp.gibit.me\/gruinsa\/wp-content\/uploads\/2025\/10\/taller-dentro-9-scaled.jpg);\"><\/div><div class=\"l-section-overlay\" style=\"background:var(--color-custom-blue-85-grad, var(--color-custom-blue-85) )\"><\/div><div class=\"l-section-h i-cf\"><div class=\"g-cols vc_row via_grid cols_1 laptops-cols_inherit tablets-cols_inherit mobiles-cols_1 valign_top type_default stacking_default\"><div class=\"wpb_column vc_column_container\"><div class=\"vc_column-inner\"><div class=\"wpb_text_column us_custom_1921a68d has_text_color\"><div class=\"wpb_wrapper\"><p style=\"text-align: center;\">Nuestros Compromisos Con Usted<\/p>\n<\/div><\/div><div class=\"w-text us_custom_9202762e has_text_color\"><span class=\"w-text-h\"><span class=\"w-text-value\">Con cada trabajo que asumimos, Gruinsa promete ofrecer:<\/span><\/span><\/div><div class=\"w-separator size_custom\" style=\"height:50px\"><\/div><div class=\"g-cols wpb_row us_custom_6df4bc3a has_text_color via_grid cols_3 laptops-cols_inherit tablets-cols_inherit mobiles-cols_1 valign_top type_default stacking_default\" style=\"--columns-gap:3rem;\"><div class=\"wpb_column vc_column_container us_custom_aeead11b\"><div class=\"vc_column-inner\"><div class=\"w-iconbox us_custom_6df4bc3a has_text_color iconpos_top style_default color_custom align_center no_text no_title\"><div class=\"w-iconbox-icon\" style=\"font-size:3.5rem;--icon-color:#ffffff;\"><i class=\"fas fa-badge-check\"><\/i><\/div><div class=\"w-iconbox-meta\"><\/div><\/div><div class=\"w-separator size_small\"><\/div><div class=\"w-text us_custom_0cad77c0 has_text_color\"><span class=\"w-text-h\"><span class=\"w-text-value\">Calidad<\/span><\/span><\/div><div class=\"w-separator us_custom_6df4bc3a has_text_color size_small\"><\/div><div class=\"wpb_text_column us_custom_f08c8ecf has_text_color\"><div class=\"wpb_wrapper\"><p style=\"text-align: center;\">Entendemos el nivel de precisi\u00f3n necesario para llevar a cabo sin problemas proyectos de fabricaci\u00f3n, por lo que nuestros procesos est\u00e1n dise\u00f1ados para garantizar el m\u00e1s alto nivel de calidad en cada trabajo.<\/p>\n<\/div><\/div><\/div><\/div><div class=\"wpb_column vc_column_container us_custom_aeead11b\"><div class=\"vc_column-inner\"><div class=\"w-iconbox us_custom_6df4bc3a has_text_color iconpos_top style_default color_custom align_center no_text no_title\"><div class=\"w-iconbox-icon\" style=\"font-size:3.5rem;--icon-color:#ffffff;\"><i class=\"fas fa-hand-receiving\"><\/i><\/div><div class=\"w-iconbox-meta\"><\/div><\/div><div class=\"w-separator size_small\"><\/div><div class=\"w-text us_custom_0cad77c0 has_text_color\"><span class=\"w-text-h\"><span class=\"w-text-value\">Transparencia<\/span><\/span><\/div><div class=\"w-separator size_small\"><\/div><div class=\"wpb_text_column us_custom_f08c8ecf has_text_color\"><div class=\"wpb_wrapper\"><p style=\"text-align: center;\">Desde las estimaciones presupuestarias iniciales hasta el final de la construcci\u00f3n, nuestro equipo est\u00e1 dedicado a la transparencia durante todo el proceso, para que usted siempre sepa en qu\u00e9 punto se encuentra su proyecto.<\/p>\n<\/div><\/div><\/div><\/div><div class=\"wpb_column vc_column_container us_custom_aeead11b\"><div class=\"vc_column-inner\"><div class=\"w-iconbox us_custom_6df4bc3a has_text_color iconpos_top style_default color_custom align_center no_text no_title\"><div class=\"w-iconbox-icon\" style=\"font-size:3.5rem;--icon-color:#fff;\"><i class=\"fas fa-user-shield\"><\/i><\/div><div class=\"w-iconbox-meta\"><\/div><\/div><div class=\"w-separator size_small\"><\/div><div class=\"w-text us_custom_0cad77c0 has_text_color\"><span class=\"w-text-h\"><span class=\"w-text-value\">Soporte<\/span><\/span><\/div><div class=\"w-separator size_small\"><\/div><div class=\"wpb_text_column us_custom_f08c8ecf has_text_color\"><div class=\"wpb_wrapper\"><p style=\"text-align: center;\">Un equipo de proyecto dedicado, que incluye a algunos de nuestros principales ejecutivos, le guiar\u00e1 en su proyecto. Si tiene preguntas o inquietudes, estamos a su disposici\u00f3n.<\/p>\n<\/div><\/div><\/div><\/div><\/div><\/div><\/div><\/div><\/div><\/section><section class=\"l-section wpb_row height_large\"><div class=\"l-section-overlay\" style=\"background:var(--color-content-secondary)\"><\/div><div class=\"l-section-h i-cf\"><div class=\"g-cols vc_row via_grid cols_1 laptops-cols_inherit tablets-cols_inherit mobiles-cols_1 valign_top type_default stacking_default\"><div class=\"wpb_column vc_column_container\"><div class=\"vc_column-inner\"><div class=\"w-text us_custom_26dec42b has_text_color\"><span class=\"w-text-h\"><span class=\"w-text-value\">Cont\u00e1ctanos<\/span><\/span><\/div><div class=\"w-separator size_small\"><\/div><div class=\"w-text us_custom_f91b7b0d has_text_color\"><span class=\"w-text-h\"><span class=\"w-text-value\">Perm\u00edtanos poner en pr\u00e1ctica nuestra experiencia para ayudarle a ejecutar su pr\u00f3ximo proyecto de fabricaci\u00f3n con un nivel de habilidad y soporte que no encontrar\u00e1 en ning\u00fan otro lugar.<\/span><\/span><\/div><div class=\"w-separator size_small\"><\/div><div class=\"w-btn-wrapper align_center\"><a class=\"w-btn us-btn-style_3 us_custom_c5ceab49\" href=\"\/contactenos\"><span class=\"w-btn-label\">Cotiza<\/span><\/a><\/div><\/div><\/div><\/div><\/div><\/section>\n","protected":false},"excerpt":{"rendered":"","protected":false},"author":2,"featured_media":0,"parent":0,"menu_order":0,"comment_status":"closed","ping_status":"closed","template":"","meta":{"_acf_changed":false,"footnotes":""},"class_list":["post-14","page","type-page","status-publish","hentry"],"acf":[],"_links":{"self":[{"href":"https:\/\/wp.gibit.me\/gruinsa\/wp-json\/wp\/v2\/pages\/14","targetHints":{"allow":["GET"]}}],"collection":[{"href":"https:\/\/wp.gibit.me\/gruinsa\/wp-json\/wp\/v2\/pages"}],"about":[{"href":"https:\/\/wp.gibit.me\/gruinsa\/wp-json\/wp\/v2\/types\/page"}],"author":[{"embeddable":true,"href":"https:\/\/wp.gibit.me\/gruinsa\/wp-json\/wp\/v2\/users\/2"}],"replies":[{"embeddable":true,"href":"https:\/\/wp.gibit.me\/gruinsa\/wp-json\/wp\/v2\/comments?post=14"}],"version-history":[{"count":199,"href":"https:\/\/wp.gibit.me\/gruinsa\/wp-json\/wp\/v2\/pages\/14\/revisions"}],"predecessor-version":[{"id":530,"href":"https:\/\/wp.gibit.me\/gruinsa\/wp-json\/wp\/v2\/pages\/14\/revisions\/530"}],"wp:attachment":[{"href":"https:\/\/wp.gibit.me\/gruinsa\/wp-json\/wp\/v2\/media?parent=14"}],"curies":[{"name":"wp","href":"https:\/\/api.w.org\/{rel}","templated":true}]}}